{"id":116,"date":"2016-03-15T09:19:21","date_gmt":"2016-03-15T08:19:21","guid":{"rendered":"http:\/\/www.muskoloppet.se\/wpmulo\/?page_id=116"},"modified":"2019-05-21T14:09:03","modified_gmt":"2019-05-21T12:09:03","slug":"pressklipp","status":"publish","type":"page","link":"https:\/\/www.muskoloppet.se\/index.php\/pressklipp\/","title":{"rendered":"Pressklipp"},"content":{"rendered":"<p>[et_pb_section bb_built=&#8221;1&#8243; fullwidth=&#8221;on&#8221; _builder_version=&#8221;3.22.7&#8243; z_index_tablet=&#8221;500&#8243; next_background_color=&#8221;#000000&#8243; global_module=&#8221;4451&#8243;][et_pb_fullwidth_portfolio admin_label=&#8221;Portfolio &#8211; helbredd &#8211; sponsorer&#8221; global_parent=&#8221;4451&#8243; include_categories=&#8221;9&#8243; show_title=&#8221;off&#8221; show_date=&#8221;off&#8221; _builder_version=&#8221;3.22.7&#8243; auto=&#8221;on&#8221; auto_speed=&#8221;4000&#8243; z_index_tablet=&#8221;500&#8243; title=&#8221;St\u00f6d v\u00e5ra sponsorer &#8211; de st\u00f6der oss!&#8221; hover_overlay_color=&#8221;rgba(255,255,255,0.9)&#8221; text_shadow_horizontal_length=&#8221;text_shadow_style,%91object Object%93&#8243; text_shadow_vertical_length=&#8221;text_shadow_style,%91object Object%93&#8243; text_shadow_blur_strength=&#8221;text_shadow_style,%91object Object%93&#8243; portfolio_header_text_shadow_horizontal_length=&#8221;portfolio_header_text_shadow_style,%91object Object%93&#8243; portfolio_header_text_shadow_vertical_length=&#8221;portfolio_header_text_shadow_style,%91object Object%93&#8243; portfolio_header_text_shadow_blur_strength=&#8221;portfolio_header_text_shadow_style,%91object Object%93&#8243; title_text_shadow_horizontal_length=&#8221;title_text_shadow_style,%91object Object%93&#8243; title_text_shadow_vertical_length=&#8221;title_text_shadow_style,%91object Object%93&#8243; title_text_shadow_blur_strength=&#8221;title_text_shadow_style,%91object Object%93&#8243; caption_text_shadow_horizontal_length=&#8221;caption_text_shadow_style,%91object Object%93&#8243; caption_text_shadow_vertical_length=&#8221;caption_text_shadow_style,%91object Object%93&#8243; caption_text_shadow_blur_strength=&#8221;caption_text_shadow_style,%91object Object%93&#8243;]<\/p>\n<p>[\/et_pb_fullwidth_portfolio][\/et_pb_section][et_pb_section bb_built=&#8221;1&#8243; fullwidth=&#8221;off&#8221; specialty=&#8221;off&#8221; inner_width=&#8221;auto&#8221; inner_max_width=&#8221;none&#8221; next_background_color=&#8221;#000000&#8243; prev_background_color=&#8221;#000000&#8243;][et_pb_row][et_pb_column type=&#8221;4_4&#8243;][et_pb_text admin_label=&#8221;Text Pressklipp&#8221; _builder_version=&#8221;3.0.92&#8243; background_layout=&#8221;light&#8221;]<\/p>\n<h1>Pressklipp<\/h1>\n<p>[\/et_pb_text][et_pb_blog _builder_version=&#8221;3.0.92&#8243; posts_number=&#8221;30&#8243; include_categories=&#8221;3&#8243; meta_date=&#8221;j M, Y&#8221; show_content=&#8221;off&#8221; show_thumbnail=&#8221;on&#8221; show_more=&#8221;on&#8221; show_author=&#8221;off&#8221; show_date=&#8221;on&#8221; show_categories=&#8221;off&#8221; show_comments=&#8221;on&#8221; show_pagination=&#8221;on&#8221; fullwidth=&#8221;off&#8221; use_dropshadow=&#8221;off&#8221; use_overlay=&#8221;off&#8221; background_layout=&#8221;light&#8221; pagination_font_size_tablet=&#8221;51&#8243; pagination_line_height_tablet=&#8221;2&#8243; box_shadow_color=&#8221;rgba(0,0,0,0.3)&#8221; box_shadow_style=&#8221;none&#8221; \/][\/et_pb_column][\/et_pb_row][\/et_pb_section][et_pb_section bb_built=&#8221;1&#8243; custom_padding_last_edited=&#8221;on|phone&#8221; disabled_on=&#8221;on|on|on&#8221; module_class=&#8221;ds-carousel-section&#8221; _builder_version=&#8221;3.22.7&#8243; custom_padding=&#8221;0px||0px|&#8221; prev_background_color=&#8221;#000000&#8243; background_color=&#8221;#ffffff&#8221; disabled=&#8221;on&#8221; z_index_tablet=&#8221;500&#8243; inner_width=&#8221;auto&#8221; inner_max_width=&#8221;none&#8221; global_module=&#8221;2742&#8243;][et_pb_row global_parent=&#8221;2742&#8243; use_custom_gutter=&#8221;on&#8221; gutter_width=&#8221;1&#8243; custom_padding=&#8221;0px||0px|&#8221; custom_margin=&#8221;0px||0px|&#8221; custom_padding_last_edited=&#8221;on|desktop&#8221; parallax_method_1=&#8221;off&#8221; background_position_1=&#8221;top_left&#8221; background_repeat_1=&#8221;no-repeat&#8221; padding_top_1=&#8221;0px&#8221; padding_bottom_1=&#8221;0px&#8221; padding_1_last_edited=&#8221;on|desktop&#8221; module_class=&#8221;ds-image-carousel ds-image-carousel-first et_pb_row_fullwidth et_pb_row_fullwidth et_pb_row_fullwidth et_pb_row_fullwidth et_pb_row_fullwidth et_pb_row_fullwidth&#8221; _builder_version=&#8221;3.22.3&#8243; background_size=&#8221;initial&#8221; background_position=&#8221;top_left&#8221; background_repeat=&#8221;repeat&#8221; width=&#8221;100%&#8221; width_tablet=&#8221;100%&#8221; width_last_edited=&#8221;on|desktop&#8221; max_width=&#8221;100%&#8221; max_width_tablet=&#8221;100%&#8221; max_width_last_edited=&#8221;on|desktop&#8221; make_fullwidth=&#8221;on&#8221;][et_pb_column type=&#8221;4_4&#8243;][et_pb_image admin_label=&#8221;Image 1 Sandells &#8211; 25 Images &#8211; rows 1 and 6 must have the same images&#8221; global_parent=&#8221;2742&#8243; src=&#8221;https:\/\/www.muskoloppet.se\/wp-content\/uploads\/2019\/04\/Sandells_Livs_Huvudsponsor_Loggor_200x200px.png&#8221; url=&#8221;https:\/\/www.muskoloppet.se\/index.php\/sponsorer\/&#8221; align=&#8221;center&#8221; module_class=&#8221;ds-carousel-logo&#8221; _builder_version=&#8221;3.22.4&#8243; z_index_tablet=&#8221;500&#8243; \/][et_pb_image admin_label=&#8221;Image 2 Ludvigsbergs Herrg\u00e5rd&#8221; global_parent=&#8221;2742&#8243; src=&#8221;https:\/\/www.muskoloppet.se\/wp-content\/uploads\/2017\/12\/Ludvigsbergs_Herrgard_Loggor_200x200px.png&#8221; url=&#8221;https:\/\/www.muskoloppet.se\/index.php\/sponsorer\/&#8221; align=&#8221;center&#8221; module_class=&#8221;ds-carousel-logo&#8221; _builder_version=&#8221;3.0.92&#8243; \/][et_pb_image admin_label=&#8221;Image 3 JBBS&#8221; global_parent=&#8221;2742&#8243; src=&#8221;https:\/\/www.muskoloppet.se\/wp-content\/uploads\/2017\/12\/JBBS_Loggor_200x200px.png&#8221; url=&#8221;https:\/\/www.muskoloppet.se\/index.php\/sponsorer\/&#8221; align=&#8221;center&#8221; module_class=&#8221;ds-carousel-logo&#8221; _builder_version=&#8221;3.0.92&#8243; \/][et_pb_image admin_label=&#8221;Image 4 Musk\u00f6 G\u00e5rdsbutik&#8221; global_parent=&#8221;2742&#8243; src=&#8221;https:\/\/www.muskoloppet.se\/wp-content\/uploads\/2017\/12\/Musko_Gardsbutik_Loggor_200x200px.png&#8221; url=&#8221;https:\/\/www.muskoloppet.se\/index.php\/sponsorer\/&#8221; align=&#8221;center&#8221; module_class=&#8221;ds-carousel-logo&#8221; _builder_version=&#8221;3.0.92&#8243; \/][et_pb_image admin_label=&#8221;Image 5 Erngrens&#8221; global_parent=&#8221;2742&#8243; src=&#8221;https:\/\/www.muskoloppet.se\/wp-content\/uploads\/2017\/12\/Erngrens_Batvarv_Loggor_200x200px.png&#8221; url=&#8221;https:\/\/www.muskoloppet.se\/index.php\/sponsorer\/&#8221; align=&#8221;center&#8221; module_class=&#8221;ds-carousel-logo&#8221; _builder_version=&#8221;3.0.92&#8243; \/][\/et_pb_column][\/et_pb_row][et_pb_row global_parent=&#8221;2742&#8243; use_custom_gutter=&#8221;on&#8221; gutter_width=&#8221;1&#8243; custom_padding=&#8221;0px||0px|&#8221; padding_mobile=&#8221;off&#8221; custom_margin=&#8221;0px||0px|&#8221; column_padding_mobile=&#8221;on&#8221; parallax_method_1=&#8221;off&#8221; background_position_1=&#8221;top_left&#8221; background_repeat_1=&#8221;no-repeat&#8221; padding_top_1=&#8221;0px&#8221; padding_bottom_1=&#8221;0px&#8221; module_class=&#8221;ds-image-carousel ds-image-carousel-second et_pb_row_fullwidth et_pb_row_fullwidth et_pb_row_fullwidth et_pb_row_fullwidth et_pb_row_fullwidth et_pb_row_fullwidth&#8221; _builder_version=&#8221;3.22.3&#8243; background_size=&#8221;initial&#8221; background_position=&#8221;top_left&#8221; background_repeat=&#8221;repeat&#8221; width=&#8221;100%&#8221; width_tablet=&#8221;100%&#8221; width_last_edited=&#8221;on|desktop&#8221; max_width=&#8221;100%&#8221; max_width_tablet=&#8221;100%&#8221; max_width_last_edited=&#8221;on|desktop&#8221; make_fullwidth=&#8221;on&#8221;][et_pb_column type=&#8221;4_4&#8243;][et_pb_image admin_label=&#8221;Image 6 Prylhus &#038; Kuriosa&#8221; global_parent=&#8221;2742&#8243; src=&#8221;https:\/\/www.muskoloppet.se\/wp-content\/uploads\/2017\/12\/Prylhus_och_Kuriosa_Loggor_200x200px.png&#8221; url=&#8221;https:\/\/www.muskoloppet.se\/index.php\/sponsorer\/&#8221; align=&#8221;center&#8221; module_class=&#8221;ds-carousel-logo&#8221; _builder_version=&#8221;3.0.92&#8243; \/][et_pb_image admin_label=&#8221;Image 7 G\u00e5rdsbutik S\u00f6tt &#038; Salt&#8221; global_parent=&#8221;2742&#8243; src=&#8221;https:\/\/www.muskoloppet.se\/wp-content\/uploads\/2017\/12\/Gardsbutik_Sott_och_Salt_Loggor_200x200px.png&#8221; url=&#8221;https:\/\/www.muskoloppet.se\/index.php\/sponsorer\/&#8221; align=&#8221;center&#8221; module_class=&#8221;ds-carousel-logo&#8221; _builder_version=&#8221;3.2.2&#8243; \/][et_pb_image admin_label=&#8221;Image 8 B\u00e5tskroten&#8221; global_parent=&#8221;2742&#8243; src=&#8221;https:\/\/www.muskoloppet.se\/wp-content\/uploads\/2017\/12\/Batskroten_Loggor_200x200px.png&#8221; url=&#8221;https:\/\/www.muskoloppet.se\/index.php\/sponsorer\/&#8221; align=&#8221;center&#8221; module_class=&#8221;ds-carousel-logo&#8221; _builder_version=&#8221;3.22.4&#8243; z_index_tablet=&#8221;500&#8243; \/][et_pb_image admin_label=&#8221;Image 9 Musk\u00f6 Byggvaror&#8221; global_parent=&#8221;2742&#8243; src=&#8221;https:\/\/www.muskoloppet.se\/wp-content\/uploads\/2017\/12\/Musko_Byggvaror_Loggor_200x200px.png&#8221; url=&#8221;https:\/\/www.muskoloppet.se\/index.php\/sponsorer\/&#8221; align=&#8221;center&#8221; module_class=&#8221;ds-carousel-logo&#8221; _builder_version=&#8221;3.0.92&#8243; \/][et_pb_image admin_label=&#8221;Image 10 Haninge Golvslipning&#8221; global_parent=&#8221;2742&#8243; src=&#8221;https:\/\/www.muskoloppet.se\/wp-content\/uploads\/2017\/12\/Haninge_Golvslipning_Loggor_200x200px.png&#8221; url=&#8221;https:\/\/www.muskoloppet.se\/index.php\/sponsorer\/&#8221; align=&#8221;center&#8221; module_class=&#8221;ds-carousel-logo&#8221; _builder_version=&#8221;3.0.92&#8243; \/][\/et_pb_column][\/et_pb_row][et_pb_row global_parent=&#8221;2742&#8243; use_custom_gutter=&#8221;on&#8221; gutter_width=&#8221;1&#8243; custom_padding=&#8221;0px||0px|&#8221; custom_margin=&#8221;0px||0px|&#8221; background_position_1=&#8221;top_left&#8221; background_repeat_1=&#8221;no-repeat&#8221; padding_top_1=&#8221;0px&#8221; padding_bottom_1=&#8221;0px&#8221; module_class=&#8221;ds-image-carousel ds-image-carousel-third et_pb_row_fullwidth et_pb_row_fullwidth et_pb_row_fullwidth et_pb_row_fullwidth et_pb_row_fullwidth et_pb_row_fullwidth&#8221; _builder_version=&#8221;3.22.3&#8243; width=&#8221;100%&#8221; width_tablet=&#8221;100%&#8221; width_last_edited=&#8221;on|desktop&#8221; max_width=&#8221;100%&#8221; max_width_tablet=&#8221;100%&#8221; max_width_last_edited=&#8221;on|desktop&#8221; make_fullwidth=&#8221;on&#8221;][et_pb_column type=&#8221;4_4&#8243;][et_pb_image admin_label=&#8221;Image 11 Gr\u00f6nkvist Media&#8221; global_parent=&#8221;2742&#8243; src=&#8221;https:\/\/www.muskoloppet.se\/wp-content\/uploads\/2017\/12\/Gronkvist_Media_Loggor_200x200px.png&#8221; url=&#8221;https:\/\/www.muskoloppet.se\/index.php\/sponsorer\/&#8221; align=&#8221;center&#8221; module_class=&#8221;ds-carousel-logo&#8221; _builder_version=&#8221;3.0.92&#8243; \/][et_pb_image admin_label=&#8221;Image 12 Sandells&#8221; global_parent=&#8221;2742&#8243; src=&#8221;https:\/\/www.muskoloppet.se\/wp-content\/uploads\/2019\/04\/Sandells_Livs_Huvudsponsor_Loggor_200x200px.png&#8221; url=&#8221;https:\/\/www.muskoloppet.se\/index.php\/sponsorer\/&#8221; align=&#8221;center&#8221; module_class=&#8221;ds-carousel-logo&#8221; _builder_version=&#8221;3.22.4&#8243; z_index_tablet=&#8221;500&#8243; \/][et_pb_image admin_label=&#8221;Image 13 Familjen Byggare&#8221; global_parent=&#8221;2742&#8243; src=&#8221;https:\/\/www.muskoloppet.se\/wp-content\/uploads\/2017\/12\/Familjen_Byggare_Loggor_200x200px.png&#8221; url=&#8221;https:\/\/www.muskoloppet.se\/index.php\/sponsorer\/&#8221; align=&#8221;center&#8221; module_class=&#8221;ds-carousel-logo&#8221; _builder_version=&#8221;3.0.92&#8243; \/][et_pb_image admin_label=&#8221;Image 14 Bravida&#8221; global_parent=&#8221;2742&#8243; src=&#8221;https:\/\/www.muskoloppet.se\/wp-content\/uploads\/2017\/12\/Bravida_Loggor_200x200px.png&#8221; url=&#8221;https:\/\/www.muskoloppet.se\/index.php\/sponsorer\/&#8221; align=&#8221;center&#8221; module_class=&#8221;ds-carousel-logo&#8221; _builder_version=&#8221;3.0.92&#8243; \/][et_pb_image admin_label=&#8221;Image 15 Brunzells El&#8221; global_parent=&#8221;2742&#8243; src=&#8221;https:\/\/www.muskoloppet.se\/wp-content\/uploads\/2017\/12\/Brunzells_El_Loggor_200x200px.png&#8221; url=&#8221;https:\/\/www.muskoloppet.se\/index.php\/sponsorer\/&#8221; align=&#8221;center&#8221; module_class=&#8221;ds-carousel-logo&#8221; _builder_version=&#8221;3.2.2&#8243; \/][\/et_pb_column][\/et_pb_row][et_pb_row global_parent=&#8221;2742&#8243; use_custom_gutter=&#8221;on&#8221; gutter_width=&#8221;1&#8243; custom_padding=&#8221;0px||0px|&#8221; padding_mobile=&#8221;off&#8221; custom_margin=&#8221;0px||0px|&#8221; column_padding_mobile=&#8221;on&#8221; parallax_method_1=&#8221;off&#8221; background_position_1=&#8221;top_left&#8221; background_repeat_1=&#8221;no-repeat&#8221; padding_top_1=&#8221;0px&#8221; padding_bottom_1=&#8221;0px&#8221; module_class=&#8221;ds-image-carousel ds-image-carousel-fourth et_pb_row_fullwidth et_pb_row_fullwidth et_pb_row_fullwidth et_pb_row_fullwidth et_pb_row_fullwidth et_pb_row_fullwidth&#8221; _builder_version=&#8221;3.22.3&#8243; background_size=&#8221;initial&#8221; background_position=&#8221;top_left&#8221; background_repeat=&#8221;repeat&#8221; width=&#8221;100%&#8221; width_tablet=&#8221;100%&#8221; width_last_edited=&#8221;on|desktop&#8221; max_width=&#8221;100%&#8221; max_width_tablet=&#8221;100%&#8221; max_width_last_edited=&#8221;on|desktop&#8221; make_fullwidth=&#8221;on&#8221;][et_pb_column type=&#8221;4_4&#8243;][et_pb_image admin_label=&#8221;Image 16 ANM M\u00e5leri&#8221; global_parent=&#8221;2742&#8243; src=&#8221;https:\/\/www.muskoloppet.se\/wp-content\/uploads\/2017\/12\/ANM_Maleri_Loggor_200x200px.png&#8221; url=&#8221;https:\/\/www.muskoloppet.se\/index.php\/sponsorer\/&#8221; align=&#8221;center&#8221; module_class=&#8221;ds-carousel-logo&#8221; _builder_version=&#8221;3.0.92&#8243; \/][et_pb_image admin_label=&#8221;Image 17 \u00c4lvsnabbens bygg&#8221; global_parent=&#8221;2742&#8243; src=&#8221;https:\/\/www.muskoloppet.se\/wp-content\/uploads\/2017\/12\/Alvsnabbens_Bygg_Loggor_200x200px.png&#8221; url=&#8221;https:\/\/www.muskoloppet.se\/index.php\/sponsorer\/&#8221; align=&#8221;center&#8221; module_class=&#8221;ds-carousel-logo&#8221; _builder_version=&#8221;3.0.92&#8243; \/][et_pb_image admin_label=&#8221;Image 18 ZeLf Chocolate&#8221; global_parent=&#8221;2742&#8243; src=&#8221;https:\/\/www.muskoloppet.se\/wp-content\/uploads\/2017\/12\/ZeLf_Chocolate_Loggor_200x200px.png&#8221; url=&#8221;https:\/\/www.muskoloppet.se\/index.php\/sponsorer\/&#8221; align=&#8221;center&#8221; module_class=&#8221;ds-carousel-logo&#8221; _builder_version=&#8221;3.0.92&#8243; \/][et_pb_image admin_label=&#8221;Image 19 Wasstr\u00f6ms Fest-T\u00e4lt&#8221; global_parent=&#8221;2742&#8243; src=&#8221;https:\/\/www.muskoloppet.se\/wp-content\/uploads\/2017\/12\/Wasstroms_Fest-talt_Loggor_200x200px.png&#8221; url=&#8221;https:\/\/www.muskoloppet.se\/index.php\/sponsorer\/&#8221; align=&#8221;center&#8221; module_class=&#8221;ds-carousel-logo&#8221; _builder_version=&#8221;3.0.92&#8243; \/][et_pb_image admin_label=&#8221;Image 20 Sandells&#8221; global_parent=&#8221;2742&#8243; src=&#8221;https:\/\/www.muskoloppet.se\/wp-content\/uploads\/2019\/04\/Sandells_Livs_Huvudsponsor_Loggor_200x200px.png&#8221; url=&#8221;https:\/\/www.muskoloppet.se\/index.php\/sponsorer\/&#8221; align=&#8221;center&#8221; module_class=&#8221;ds-carousel-logo&#8221; _builder_version=&#8221;3.22.4&#8243; z_index_tablet=&#8221;500&#8243; \/][\/et_pb_column][\/et_pb_row][et_pb_row global_parent=&#8221;2742&#8243; use_custom_gutter=&#8221;on&#8221; gutter_width=&#8221;1&#8243; custom_padding=&#8221;0px||0px|&#8221; custom_margin=&#8221;0px||0px|&#8221; background_position_1=&#8221;top_left&#8221; background_repeat_1=&#8221;no-repeat&#8221; padding_top_1=&#8221;0px&#8221; padding_bottom_1=&#8221;0px&#8221; module_class=&#8221;ds-image-carousel ds-image-carousel-fifth et_pb_row_fullwidth et_pb_row_fullwidth et_pb_row_fullwidth et_pb_row_fullwidth et_pb_row_fullwidth et_pb_row_fullwidth&#8221; _builder_version=&#8221;3.22.3&#8243; width=&#8221;100%&#8221; width_tablet=&#8221;100%&#8221; width_last_edited=&#8221;on|desktop&#8221; max_width=&#8221;100%&#8221; max_width_tablet=&#8221;100%&#8221; max_width_last_edited=&#8221;on|desktop&#8221; make_fullwidth=&#8221;on&#8221;][et_pb_column type=&#8221;4_4&#8243;][et_pb_image admin_label=&#8221;Image 21 Tasst\u00e4ppans&#8221; global_parent=&#8221;2742&#8243; src=&#8221;https:\/\/www.muskoloppet.se\/wp-content\/uploads\/2017\/12\/Tasstappans_Bygg_och_Mark_Loggor_200x200px.png&#8221; url=&#8221;https:\/\/www.muskoloppet.se\/index.php\/sponsorer\/&#8221; align=&#8221;center&#8221; module_class=&#8221;ds-carousel-logo&#8221; _builder_version=&#8221;3.0.92&#8243; \/][et_pb_image admin_label=&#8221;Image 22 S\u00f6tt &#038; Salt M\u00e5leri&#8221; global_parent=&#8221;2742&#8243; src=&#8221;https:\/\/www.muskoloppet.se\/wp-content\/uploads\/2017\/12\/Sott_och_Salt_Maleri_Loggor_200x200px.png&#8221; url=&#8221;https:\/\/www.muskoloppet.se\/index.php\/sponsorer\/&#8221; align=&#8221;center&#8221; module_class=&#8221;ds-carousel-logo&#8221; _builder_version=&#8221;3.0.92&#8243; \/][et_pb_image admin_label=&#8221;Image 23 Sandells Livs&#8221; global_parent=&#8221;2742&#8243; src=&#8221;https:\/\/www.muskoloppet.se\/wp-content\/uploads\/2017\/12\/Sandells_Livs_Loggor_200x200px.png&#8221; url=&#8221;https:\/\/www.muskoloppet.se\/index.php\/sponsorer\/&#8221; align=&#8221;center&#8221; module_class=&#8221;ds-carousel-logo&#8221; _builder_version=&#8221;3.0.92&#8243; \/][et_pb_image admin_label=&#8221;Image 24 Repro 8&#8243; global_parent=&#8221;2742&#8243; src=&#8221;https:\/\/www.muskoloppet.se\/wp-content\/uploads\/2017\/12\/Repro_8_Loggor_200x200px.png&#8221; url=&#8221;https:\/\/www.muskoloppet.se\/index.php\/sponsorer\/&#8221; align=&#8221;center&#8221; module_class=&#8221;ds-carousel-logo&#8221; _builder_version=&#8221;3.0.92&#8243; \/][et_pb_image admin_label=&#8221;Image 25 R\u00e5n\u00f6 G\u00e5rd &#038; Varv&#8221; global_parent=&#8221;2742&#8243; src=&#8221;https:\/\/www.muskoloppet.se\/wp-content\/uploads\/2017\/12\/Rano_Gard_och_Varv_Loggor_200x200px.png&#8221; url=&#8221;https:\/\/www.muskoloppet.se\/index.php\/sponsorer\/&#8221; align=&#8221;center&#8221; module_class=&#8221;ds-carousel-logo&#8221; _builder_version=&#8221;3.0.92&#8243; \/][\/et_pb_column][\/et_pb_row][et_pb_row global_parent=&#8221;2742&#8243; use_custom_gutter=&#8221;on&#8221; gutter_width=&#8221;1&#8243; custom_padding=&#8221;0px||0px|&#8221; padding_mobile=&#8221;off&#8221; custom_margin=&#8221;0px||0px|&#8221; column_padding_mobile=&#8221;on&#8221; parallax_method_1=&#8221;off&#8221; background_position_1=&#8221;top_left&#8221; background_repeat_1=&#8221;no-repeat&#8221; padding_top_1=&#8221;0px&#8221; padding_bottom_1=&#8221;0px&#8221; module_class=&#8221;ds-image-carousel ds-image-carousel-sixth et_pb_row_fullwidth et_pb_row_fullwidth et_pb_row_fullwidth et_pb_row_fullwidth et_pb_row_fullwidth et_pb_row_fullwidth&#8221; _builder_version=&#8221;3.22.3&#8243; background_size=&#8221;initial&#8221; background_position=&#8221;top_left&#8221; background_repeat=&#8221;repeat&#8221; width=&#8221;100%&#8221; width_tablet=&#8221;100%&#8221; width_last_edited=&#8221;on|desktop&#8221; max_width=&#8221;100%&#8221; max_width_tablet=&#8221;100%&#8221; max_width_last_edited=&#8221;on|desktop&#8221; make_fullwidth=&#8221;on&#8221;][et_pb_column type=&#8221;4_4&#8243;][et_pb_image admin_label=&#8221;Image 1 Sandells&#8221; global_parent=&#8221;2742&#8243; src=&#8221;https:\/\/www.muskoloppet.se\/wp-content\/uploads\/2019\/04\/Sandells_Livs_Huvudsponsor_Loggor_200x200px.png&#8221; url=&#8221;https:\/\/www.muskoloppet.se\/index.php\/sponsorer\/&#8221; align=&#8221;center&#8221; module_class=&#8221;ds-carousel-logo&#8221; _builder_version=&#8221;3.22.4&#8243; z_index_tablet=&#8221;500&#8243; \/][et_pb_image admin_label=&#8221;Image 2 Ludvigsberg&#8221; global_parent=&#8221;2742&#8243; src=&#8221;https:\/\/www.muskoloppet.se\/wp-content\/uploads\/2017\/12\/Ludvigsbergs_Herrgard_Loggor_200x200px.png&#8221; url=&#8221;https:\/\/www.muskoloppet.se\/index.php\/sponsorer\/&#8221; align=&#8221;center&#8221; module_class=&#8221;ds-carousel-logo&#8221; _builder_version=&#8221;3.0.92&#8243; \/][et_pb_image admin_label=&#8221;Image 3 JBBS&#8221; global_parent=&#8221;2742&#8243; src=&#8221;https:\/\/www.muskoloppet.se\/wp-content\/uploads\/2017\/12\/JBBS_Loggor_200x200px.png&#8221; url=&#8221;https:\/\/www.muskoloppet.se\/index.php\/sponsorer\/&#8221; align=&#8221;center&#8221; module_class=&#8221;ds-carousel-logo&#8221; _builder_version=&#8221;3.0.92&#8243; \/][et_pb_image admin_label=&#8221;Image 4 Musk\u00f6 G\u00e5rdsbutik&#8221; global_parent=&#8221;2742&#8243; src=&#8221;https:\/\/www.muskoloppet.se\/wp-content\/uploads\/2017\/12\/Musko_Gardsbutik_Loggor_200x200px.png&#8221; url=&#8221;https:\/\/www.muskoloppet.se\/index.php\/sponsorer\/&#8221; align=&#8221;center&#8221; module_class=&#8221;ds-carousel-logo&#8221; _builder_version=&#8221;3.0.92&#8243; \/][et_pb_image admin_label=&#8221;Image 5 Erngrens&#8221; global_parent=&#8221;2742&#8243; src=&#8221;https:\/\/www.muskoloppet.se\/wp-content\/uploads\/2017\/12\/Erngrens_Batvarv_Loggor_200x200px.png&#8221; url=&#8221;https:\/\/www.muskoloppet.se\/index.php\/sponsorer\/&#8221; align=&#8221;center&#8221; module_class=&#8221;ds-carousel-logo&#8221; _builder_version=&#8221;3.0.92&#8243; \/][\/et_pb_column][\/et_pb_row][\/et_pb_section]<\/p>\n","protected":false},"excerpt":{"rendered":"<p><div class=\"et_pb_row et_pb_row_0 et_pb_row_empty\">\n\t\t\t\t\n\t\t\t\t\n\t\t\t\t\n\t\t\t\t\n\t\t\t\t\n\t\t\t<\/div> Pressklipp<\/p>\n","protected":false},"author":2,"featured_media":0,"parent":0,"menu_order":0,"comment_status":"closed","ping_status":"closed","template":"","meta":{"_et_pb_use_builder":"on","_et_pb_old_content":"","_et_gb_content_width":"","footnotes":""},"class_list":["post-116","page","type-page","status-publish","hentry"],"_links":{"self":[{"href":"https:\/\/www.muskoloppet.se\/index.php\/wp-json\/wp\/v2\/pages\/116","targetHints":{"allow":["GET"]}}],"collection":[{"href":"https:\/\/www.muskoloppet.se\/index.php\/wp-json\/wp\/v2\/pages"}],"about":[{"href":"https:\/\/www.muskoloppet.se\/index.php\/wp-json\/wp\/v2\/types\/page"}],"author":[{"embeddable":true,"href":"https:\/\/www.muskoloppet.se\/index.php\/wp-json\/wp\/v2\/users\/2"}],"replies":[{"embeddable":true,"href":"https:\/\/www.muskoloppet.se\/index.php\/wp-json\/wp\/v2\/comments?post=116"}],"version-history":[{"count":9,"href":"https:\/\/www.muskoloppet.se\/index.php\/wp-json\/wp\/v2\/pages\/116\/revisions"}],"predecessor-version":[{"id":4566,"href":"https:\/\/www.muskoloppet.se\/index.php\/wp-json\/wp\/v2\/pages\/116\/revisions\/4566"}],"wp:attachment":[{"href":"https:\/\/www.muskoloppet.se\/index.php\/wp-json\/wp\/v2\/media?parent=116"}],"curies":[{"name":"wp","href":"https:\/\/api.w.org\/{rel}","templated":true}]}}