{"id":531,"date":"2016-04-23T16:06:02","date_gmt":"2016-04-23T14:06:02","guid":{"rendered":"http:\/\/www.muskoloppet.se\/?page_id=531"},"modified":"2017-12-22T21:45:38","modified_gmt":"2017-12-22T20:45:38","slug":"muskoloppet-2012","status":"publish","type":"page","link":"https:\/\/www.muskoloppet.se\/index.php\/muskoloppet-2012\/","title":{"rendered":"Musk\u00f6loppet 2012"},"content":{"rendered":"<p>[et_pb_section bb_built=&#8221;1&#8243; admin_label=&#8221;section&#8221;][et_pb_row admin_label=&#8221;row&#8221; background_position=&#8221;top_left&#8221; background_repeat=&#8221;repeat&#8221; background_size=&#8221;initial&#8221;][et_pb_column type=&#8221;4_4&#8243;][et_pb_gallery gallery_ids=&#8221;532,533,534,535,536,537,538,539,540,541,542,543,545,546,547,548,549,550,551,552,553,554,555,556,557,558,559,560,561,562,563,564,565,566,567,568,569,570,571,572,573,574,575,576,577,578,579,580,581,582,583,584,585,586,587,588,589,590,591,592,593,594,595,596,597,598,599,600,601,602,603,604,605,606,607,608,609,610,611,612,613,614,615,616,617,618,619,620,621,622,623,624,625,626,627,628,629,630,631,632,633,634,635,636,637,638,639,640,641,642,643,644,645,646,647,648,649,650,651,652,653,654,655,656,657,658,659,660,661,662,663,664,665,666,667,668,669,670,671,672,673,674,675,676,677,678,679,680,681,682,683,684,685,686,687,688,689,690,691&#8243; fullwidth=&#8221;off&#8221; posts_number=&#8221;12&#8243; show_title_and_caption=&#8221;on&#8221; show_pagination=&#8221;on&#8221; background_layout=&#8221;light&#8221; auto=&#8221;off&#8221; hover_overlay_color=&#8221;rgba(255,255,255,0.9)&#8221; caption_all_caps=&#8221;off&#8221; use_border_color=&#8221;off&#8221; border_color=&#8221;#ffffff&#8221; border_style=&#8221;solid&#8221; \/][\/et_pb_column][\/et_pb_row][\/et_pb_section][et_pb_section bb_built=&#8221;1&#8243; fullwidth=&#8221;off&#8221; specialty=&#8221;off&#8221; _builder_version=&#8221;3.0.92&#8243; module_class=&#8221;ds-carousel-section&#8221; custom_padding=&#8221;0px||0px|&#8221; custom_padding_last_edited=&#8221;on|phone&#8221; disabled_on=&#8221;off|off|off&#8221; disabled=&#8221;off&#8221; global_module=&#8221;2742&#8243;][et_pb_row global_parent=&#8221;2742&#8243; make_fullwidth=&#8221;on&#8221; use_custom_gutter=&#8221;on&#8221; parallax_method=&#8221;off&#8221; parallax_method_1=&#8221;off&#8221; module_class=&#8221;ds-image-carousel ds-image-carousel-first&#8221; gutter_width=&#8221;1&#8243; custom_padding=&#8221;0px||0px|&#8221; custom_margin=&#8221;0px||0px|&#8221; padding_top_1=&#8221;0px&#8221; padding_bottom_1=&#8221;0px&#8221; background_position=&#8221;top_left&#8221; background_repeat=&#8221;repeat&#8221; background_size=&#8221;initial&#8221; _builder_version=&#8221;3.0.64&#8243; background_position_1=&#8221;top_left&#8221; background_repeat_1=&#8221;no-repeat&#8221; custom_padding_last_edited=&#8221;on|desktop&#8221; padding_1_last_edited=&#8221;on|desktop&#8221;][et_pb_column type=&#8221;4_4&#8243;][et_pb_image admin_label=&#8221;Image 1 Brunzells &#8211; 25 Images &#8211; rows 1 and 6 must have the same images&#8221; global_parent=&#8221;2742&#8243; src=&#8221;http:\/\/www.muskoloppet.se\/wp-content\/uploads\/2017\/12\/Brunzells_El_HUVUDSPONSOR_Loggor_200x200px.png&#8221; show_in_lightbox=&#8221;off&#8221; url_new_window=&#8221;off&#8221; use_overlay=&#8221;off&#8221; align=&#8221;center&#8221; force_fullwidth=&#8221;off&#8221; always_center_on_mobile=&#8221;on&#8221; module_class=&#8221;ds-carousel-logo&#8221; url=&#8221;http:\/\/www.muskoloppet.se\/index.php\/sponsorer\/&#8221; _builder_version=&#8221;3.0.92&#8243; show_bottom_space=&#8221;on&#8221; \/][et_pb_image admin_label=&#8221;Image 2 Ludvigsbergs Herrg\u00e5rd&#8221; global_parent=&#8221;2742&#8243; src=&#8221;http:\/\/www.muskoloppet.se\/wp-content\/uploads\/2017\/12\/Ludvigsbergs_Herrgard_Loggor_200x200px.png&#8221; show_in_lightbox=&#8221;off&#8221; url_new_window=&#8221;off&#8221; use_overlay=&#8221;off&#8221; align=&#8221;center&#8221; force_fullwidth=&#8221;off&#8221; always_center_on_mobile=&#8221;on&#8221; module_class=&#8221;ds-carousel-logo&#8221; url=&#8221;http:\/\/www.muskoloppet.se\/index.php\/sponsorer\/&#8221; _builder_version=&#8221;3.0.92&#8243; show_bottom_space=&#8221;on&#8221; \/][et_pb_image admin_label=&#8221;Image 3 JBBS&#8221; global_parent=&#8221;2742&#8243; src=&#8221;http:\/\/www.muskoloppet.se\/wp-content\/uploads\/2017\/12\/JBBS_Loggor_200x200px.png&#8221; show_in_lightbox=&#8221;off&#8221; url_new_window=&#8221;off&#8221; use_overlay=&#8221;off&#8221; align=&#8221;center&#8221; force_fullwidth=&#8221;off&#8221; always_center_on_mobile=&#8221;on&#8221; module_class=&#8221;ds-carousel-logo&#8221; url=&#8221;http:\/\/www.muskoloppet.se\/index.php\/sponsorer\/&#8221; _builder_version=&#8221;3.0.92&#8243; show_bottom_space=&#8221;on&#8221; \/][et_pb_image admin_label=&#8221;Image 4 Musk\u00f6 G\u00e5rdsbutik&#8221; global_parent=&#8221;2742&#8243; src=&#8221;http:\/\/www.muskoloppet.se\/wp-content\/uploads\/2017\/12\/Musko_Gardsbutik_Loggor_200x200px.png&#8221; show_in_lightbox=&#8221;off&#8221; url_new_window=&#8221;off&#8221; use_overlay=&#8221;off&#8221; align=&#8221;center&#8221; force_fullwidth=&#8221;off&#8221; always_center_on_mobile=&#8221;on&#8221; module_class=&#8221;ds-carousel-logo&#8221; url=&#8221;http:\/\/www.muskoloppet.se\/index.php\/sponsorer\/&#8221; _builder_version=&#8221;3.0.92&#8243; show_bottom_space=&#8221;on&#8221; \/][et_pb_image admin_label=&#8221;Image 5 Erngrens&#8221; global_parent=&#8221;2742&#8243; src=&#8221;http:\/\/www.muskoloppet.se\/wp-content\/uploads\/2017\/12\/Erngrens_Batvarv_Loggor_200x200px.png&#8221; show_in_lightbox=&#8221;off&#8221; url_new_window=&#8221;off&#8221; use_overlay=&#8221;off&#8221; align=&#8221;center&#8221; force_fullwidth=&#8221;off&#8221; always_center_on_mobile=&#8221;on&#8221; module_class=&#8221;ds-carousel-logo&#8221; url=&#8221;http:\/\/www.muskoloppet.se\/index.php\/sponsorer\/&#8221; _builder_version=&#8221;3.0.92&#8243; show_bottom_space=&#8221;on&#8221; \/][\/et_pb_column][\/et_pb_row][et_pb_row global_parent=&#8221;2742&#8243; make_fullwidth=&#8221;on&#8221; use_custom_gutter=&#8221;on&#8221; padding_mobile=&#8221;off&#8221; parallax_method=&#8221;off&#8221; parallax_method_1=&#8221;off&#8221; column_padding_mobile=&#8221;on&#8221; module_class=&#8221;ds-image-carousel ds-image-carousel-second&#8221; gutter_width=&#8221;1&#8243; custom_padding=&#8221;0px||0px|&#8221; custom_margin=&#8221;0px||0px|&#8221; padding_top_1=&#8221;0px&#8221; padding_bottom_1=&#8221;0px&#8221; background_position=&#8221;top_left&#8221; background_repeat=&#8221;repeat&#8221; background_size=&#8221;initial&#8221; _builder_version=&#8221;3.0.64&#8243; background_position_1=&#8221;top_left&#8221; background_repeat_1=&#8221;no-repeat&#8221;][et_pb_column type=&#8221;4_4&#8243;][et_pb_image admin_label=&#8221;Image 6 Prylhus &amp; Kuriosa&#8221; global_parent=&#8221;2742&#8243; src=&#8221;http:\/\/www.muskoloppet.se\/wp-content\/uploads\/2017\/12\/Prylhus_och_Kuriosa_Loggor_200x200px.png&#8221; show_in_lightbox=&#8221;off&#8221; url_new_window=&#8221;off&#8221; use_overlay=&#8221;off&#8221; align=&#8221;center&#8221; force_fullwidth=&#8221;off&#8221; always_center_on_mobile=&#8221;on&#8221; module_class=&#8221;ds-carousel-logo&#8221; url=&#8221;http:\/\/www.muskoloppet.se\/index.php\/sponsorer\/&#8221; _builder_version=&#8221;3.0.92&#8243; show_bottom_space=&#8221;on&#8221; \/][et_pb_image admin_label=&#8221;Image 7 Nyn\u00e4s Havsbad&#8221; global_parent=&#8221;2742&#8243; src=&#8221;http:\/\/www.muskoloppet.se\/wp-content\/uploads\/2017\/12\/Nynas_Havsbad_Loggor_200x200px.png&#8221; show_in_lightbox=&#8221;off&#8221; url_new_window=&#8221;off&#8221; use_overlay=&#8221;off&#8221; align=&#8221;center&#8221; force_fullwidth=&#8221;off&#8221; always_center_on_mobile=&#8221;on&#8221; module_class=&#8221;ds-carousel-logo&#8221; url=&#8221;http:\/\/www.muskoloppet.se\/index.php\/sponsorer\/&#8221; _builder_version=&#8221;3.0.92&#8243; show_bottom_space=&#8221;on&#8221; \/][et_pb_image admin_label=&#8221;Image 8 Musk\u00f6 Tr\u00e4dg\u00e5rd&#8221; global_parent=&#8221;2742&#8243; src=&#8221;http:\/\/www.muskoloppet.se\/wp-content\/uploads\/2017\/12\/Musko_Tradgard_Loggor_200x200px.png&#8221; show_in_lightbox=&#8221;off&#8221; url_new_window=&#8221;off&#8221; use_overlay=&#8221;off&#8221; align=&#8221;center&#8221; force_fullwidth=&#8221;off&#8221; always_center_on_mobile=&#8221;on&#8221; module_class=&#8221;ds-carousel-logo&#8221; url=&#8221;http:\/\/www.muskoloppet.se\/index.php\/sponsorer\/&#8221; _builder_version=&#8221;3.0.92&#8243; show_bottom_space=&#8221;on&#8221; \/][et_pb_image admin_label=&#8221;Image 9 Musk\u00f6 Byggvaror&#8221; global_parent=&#8221;2742&#8243; src=&#8221;http:\/\/www.muskoloppet.se\/wp-content\/uploads\/2017\/12\/Musko_Byggvaror_Loggor_200x200px.png&#8221; show_in_lightbox=&#8221;off&#8221; url_new_window=&#8221;off&#8221; use_overlay=&#8221;off&#8221; align=&#8221;center&#8221; force_fullwidth=&#8221;off&#8221; always_center_on_mobile=&#8221;on&#8221; module_class=&#8221;ds-carousel-logo&#8221; url=&#8221;http:\/\/www.muskoloppet.se\/index.php\/sponsorer\/&#8221; _builder_version=&#8221;3.0.92&#8243; show_bottom_space=&#8221;on&#8221; \/][et_pb_image admin_label=&#8221;Image 10 Haninge Golvslipning&#8221; global_parent=&#8221;2742&#8243; src=&#8221;http:\/\/www.muskoloppet.se\/wp-content\/uploads\/2017\/12\/Haninge_Golvslipning_Loggor_200x200px.png&#8221; show_in_lightbox=&#8221;off&#8221; url_new_window=&#8221;off&#8221; use_overlay=&#8221;off&#8221; align=&#8221;center&#8221; force_fullwidth=&#8221;off&#8221; always_center_on_mobile=&#8221;on&#8221; module_class=&#8221;ds-carousel-logo&#8221; url=&#8221;http:\/\/www.muskoloppet.se\/index.php\/sponsorer\/&#8221; _builder_version=&#8221;3.0.92&#8243; show_bottom_space=&#8221;on&#8221; \/][\/et_pb_column][\/et_pb_row][et_pb_row global_parent=&#8221;2742&#8243; _builder_version=&#8221;3.0.64&#8243; background_position_1=&#8221;top_left&#8221; background_repeat_1=&#8221;no-repeat&#8221; make_fullwidth=&#8221;on&#8221; use_custom_gutter=&#8221;on&#8221; gutter_width=&#8221;1&#8243; custom_margin=&#8221;0px||0px|&#8221; custom_padding=&#8221;0px||0px|&#8221; padding_top_1=&#8221;0px&#8221; padding_bottom_1=&#8221;0px&#8221; module_class=&#8221;ds-image-carousel ds-image-carousel-third&#8221;][et_pb_column type=&#8221;4_4&#8243;][et_pb_image admin_label=&#8221;Image 11 Gr\u00f6nkvist Media&#8221; global_parent=&#8221;2742&#8243; src=&#8221;http:\/\/www.muskoloppet.se\/wp-content\/uploads\/2017\/12\/Gronkvist_Media_Loggor_200x200px.png&#8221; show_in_lightbox=&#8221;off&#8221; url_new_window=&#8221;off&#8221; use_overlay=&#8221;off&#8221; align=&#8221;center&#8221; force_fullwidth=&#8221;off&#8221; always_center_on_mobile=&#8221;on&#8221; module_class=&#8221;ds-carousel-logo&#8221; url=&#8221;http:\/\/www.muskoloppet.se\/index.php\/sponsorer\/&#8221; _builder_version=&#8221;3.0.92&#8243; show_bottom_space=&#8221;on&#8221; \/][et_pb_image admin_label=&#8221;Image 12 G\u00e5rdsbutiken S\u00f6tt &amp; Salt&#8221; global_parent=&#8221;2742&#8243; src=&#8221;http:\/\/www.muskoloppet.se\/wp-content\/uploads\/2017\/12\/Gardsbutik_Sott_och_Salt_Loggor_200x200px.png&#8221; show_in_lightbox=&#8221;off&#8221; url_new_window=&#8221;off&#8221; use_overlay=&#8221;off&#8221; align=&#8221;center&#8221; force_fullwidth=&#8221;off&#8221; always_center_on_mobile=&#8221;on&#8221; module_class=&#8221;ds-carousel-logo&#8221; url=&#8221;http:\/\/www.muskoloppet.se\/index.php\/sponsorer\/&#8221; _builder_version=&#8221;3.0.92&#8243; show_bottom_space=&#8221;on&#8221; \/][et_pb_image admin_label=&#8221;Image 13 Familjen Byggare&#8221; global_parent=&#8221;2742&#8243; src=&#8221;http:\/\/www.muskoloppet.se\/wp-content\/uploads\/2017\/12\/Familjen_Byggare_Loggor_200x200px.png&#8221; show_in_lightbox=&#8221;off&#8221; url_new_window=&#8221;off&#8221; use_overlay=&#8221;off&#8221; align=&#8221;center&#8221; force_fullwidth=&#8221;off&#8221; always_center_on_mobile=&#8221;on&#8221; module_class=&#8221;ds-carousel-logo&#8221; url=&#8221;http:\/\/www.muskoloppet.se\/index.php\/sponsorer\/&#8221; _builder_version=&#8221;3.0.92&#8243; show_bottom_space=&#8221;on&#8221; \/][et_pb_image admin_label=&#8221;Image 14 Bravida&#8221; global_parent=&#8221;2742&#8243; src=&#8221;http:\/\/www.muskoloppet.se\/wp-content\/uploads\/2017\/12\/Bravida_Loggor_200x200px.png&#8221; show_in_lightbox=&#8221;off&#8221; url_new_window=&#8221;off&#8221; use_overlay=&#8221;off&#8221; align=&#8221;center&#8221; force_fullwidth=&#8221;off&#8221; always_center_on_mobile=&#8221;on&#8221; module_class=&#8221;ds-carousel-logo&#8221; url=&#8221;http:\/\/www.muskoloppet.se\/index.php\/sponsorer\/&#8221; _builder_version=&#8221;3.0.92&#8243; show_bottom_space=&#8221;on&#8221; \/][et_pb_image admin_label=&#8221;Image 15 B\u00e5tskroten&#8221; global_parent=&#8221;2742&#8243; src=&#8221;http:\/\/www.muskoloppet.se\/wp-content\/uploads\/2017\/12\/Batskroten_Loggor_200x200px.png&#8221; show_in_lightbox=&#8221;off&#8221; url_new_window=&#8221;off&#8221; use_overlay=&#8221;off&#8221; align=&#8221;center&#8221; force_fullwidth=&#8221;off&#8221; always_center_on_mobile=&#8221;on&#8221; module_class=&#8221;ds-carousel-logo&#8221; url=&#8221;http:\/\/www.muskoloppet.se\/index.php\/sponsorer\/&#8221; _builder_version=&#8221;3.0.92&#8243; show_bottom_space=&#8221;on&#8221; \/][\/et_pb_column][\/et_pb_row][et_pb_row global_parent=&#8221;2742&#8243; make_fullwidth=&#8221;on&#8221; use_custom_gutter=&#8221;on&#8221; padding_mobile=&#8221;off&#8221; parallax_method=&#8221;off&#8221; parallax_method_1=&#8221;off&#8221; column_padding_mobile=&#8221;on&#8221; module_class=&#8221;ds-image-carousel ds-image-carousel-fourth&#8221; gutter_width=&#8221;1&#8243; custom_padding=&#8221;0px||0px|&#8221; custom_margin=&#8221;0px||0px|&#8221; padding_top_1=&#8221;0px&#8221; padding_bottom_1=&#8221;0px&#8221; background_position=&#8221;top_left&#8221; background_repeat=&#8221;repeat&#8221; background_size=&#8221;initial&#8221; _builder_version=&#8221;3.0.64&#8243; background_position_1=&#8221;top_left&#8221; background_repeat_1=&#8221;no-repeat&#8221;][et_pb_column type=&#8221;4_4&#8243;][et_pb_image admin_label=&#8221;Image 16 ANM M\u00e5leri&#8221; global_parent=&#8221;2742&#8243; src=&#8221;http:\/\/www.muskoloppet.se\/wp-content\/uploads\/2017\/12\/ANM_Maleri_Loggor_200x200px.png&#8221; show_in_lightbox=&#8221;off&#8221; url_new_window=&#8221;off&#8221; use_overlay=&#8221;off&#8221; align=&#8221;center&#8221; force_fullwidth=&#8221;off&#8221; always_center_on_mobile=&#8221;on&#8221; module_class=&#8221;ds-carousel-logo&#8221; url=&#8221;http:\/\/www.muskoloppet.se\/index.php\/sponsorer\/&#8221; _builder_version=&#8221;3.0.92&#8243; show_bottom_space=&#8221;on&#8221; \/][et_pb_image admin_label=&#8221;Image 17 \u00c4lvsnabbens bygg&#8221; global_parent=&#8221;2742&#8243; src=&#8221;http:\/\/www.muskoloppet.se\/wp-content\/uploads\/2017\/12\/Alvsnabbens_Bygg_Loggor_200x200px.png&#8221; show_in_lightbox=&#8221;off&#8221; url_new_window=&#8221;off&#8221; use_overlay=&#8221;off&#8221; align=&#8221;center&#8221; force_fullwidth=&#8221;off&#8221; always_center_on_mobile=&#8221;on&#8221; module_class=&#8221;ds-carousel-logo&#8221; url=&#8221;http:\/\/www.muskoloppet.se\/index.php\/sponsorer\/&#8221; _builder_version=&#8221;3.0.92&#8243; show_bottom_space=&#8221;on&#8221; \/][et_pb_image admin_label=&#8221;Image 18 ZeLf Chocolate&#8221; global_parent=&#8221;2742&#8243; src=&#8221;http:\/\/www.muskoloppet.se\/wp-content\/uploads\/2017\/12\/ZeLf_Chocolate_Loggor_200x200px.png&#8221; show_in_lightbox=&#8221;off&#8221; url_new_window=&#8221;off&#8221; use_overlay=&#8221;off&#8221; align=&#8221;center&#8221; force_fullwidth=&#8221;off&#8221; always_center_on_mobile=&#8221;on&#8221; module_class=&#8221;ds-carousel-logo&#8221; url=&#8221;http:\/\/www.muskoloppet.se\/index.php\/sponsorer\/&#8221; _builder_version=&#8221;3.0.92&#8243; show_bottom_space=&#8221;on&#8221; \/][et_pb_image admin_label=&#8221;Image 19 Wasstr\u00f6ms Fest-T\u00e4lt&#8221; global_parent=&#8221;2742&#8243; src=&#8221;http:\/\/www.muskoloppet.se\/wp-content\/uploads\/2017\/12\/Wasstroms_Fest-talt_Loggor_200x200px.png&#8221; show_in_lightbox=&#8221;off&#8221; url_new_window=&#8221;off&#8221; use_overlay=&#8221;off&#8221; align=&#8221;center&#8221; force_fullwidth=&#8221;off&#8221; always_center_on_mobile=&#8221;on&#8221; module_class=&#8221;ds-carousel-logo&#8221; url=&#8221;http:\/\/www.muskoloppet.se\/index.php\/sponsorer\/&#8221; _builder_version=&#8221;3.0.92&#8243; show_bottom_space=&#8221;on&#8221; \/][et_pb_image admin_label=&#8221;Image 20 Ut\u00f6 V\u00e4rdshus&#8221; global_parent=&#8221;2742&#8243; src=&#8221;http:\/\/www.muskoloppet.se\/wp-content\/uploads\/2017\/12\/Uto_Vardshus_Loggor_200x200px.png&#8221; show_in_lightbox=&#8221;off&#8221; url_new_window=&#8221;off&#8221; use_overlay=&#8221;off&#8221; align=&#8221;center&#8221; force_fullwidth=&#8221;off&#8221; always_center_on_mobile=&#8221;on&#8221; module_class=&#8221;ds-carousel-logo&#8221; url=&#8221;http:\/\/www.muskoloppet.se\/index.php\/sponsorer\/&#8221; _builder_version=&#8221;3.0.92&#8243; show_bottom_space=&#8221;on&#8221; \/][\/et_pb_column][\/et_pb_row][et_pb_row global_parent=&#8221;2742&#8243; _builder_version=&#8221;3.0.64&#8243; background_position_1=&#8221;top_left&#8221; background_repeat_1=&#8221;no-repeat&#8221; make_fullwidth=&#8221;on&#8221; use_custom_gutter=&#8221;on&#8221; gutter_width=&#8221;1&#8243; custom_margin=&#8221;0px||0px|&#8221; custom_padding=&#8221;0px||0px|&#8221; padding_top_1=&#8221;0px&#8221; padding_bottom_1=&#8221;0px&#8221; module_class=&#8221;ds-image-carousel ds-image-carousel-fifth&#8221;][et_pb_column type=&#8221;4_4&#8243;][et_pb_image admin_label=&#8221;Image 21 Tasst\u00e4ppans&#8221; global_parent=&#8221;2742&#8243; src=&#8221;http:\/\/www.muskoloppet.se\/wp-content\/uploads\/2017\/12\/Tasstappans_Bygg_och_Mark_Loggor_200x200px.png&#8221; show_in_lightbox=&#8221;off&#8221; url_new_window=&#8221;off&#8221; use_overlay=&#8221;off&#8221; align=&#8221;center&#8221; force_fullwidth=&#8221;off&#8221; always_center_on_mobile=&#8221;on&#8221; module_class=&#8221;ds-carousel-logo&#8221; url=&#8221;http:\/\/www.muskoloppet.se\/index.php\/sponsorer\/&#8221; _builder_version=&#8221;3.0.92&#8243; show_bottom_space=&#8221;on&#8221; \/][et_pb_image admin_label=&#8221;Image 22 S\u00f6tt &amp; Salt M\u00e5leri&#8221; global_parent=&#8221;2742&#8243; src=&#8221;http:\/\/www.muskoloppet.se\/wp-content\/uploads\/2017\/12\/Sott_och_Salt_Maleri_Loggor_200x200px.png&#8221; show_in_lightbox=&#8221;off&#8221; url_new_window=&#8221;off&#8221; use_overlay=&#8221;off&#8221; align=&#8221;center&#8221; force_fullwidth=&#8221;off&#8221; always_center_on_mobile=&#8221;on&#8221; module_class=&#8221;ds-carousel-logo&#8221; url=&#8221;http:\/\/www.muskoloppet.se\/index.php\/sponsorer\/&#8221; _builder_version=&#8221;3.0.92&#8243; show_bottom_space=&#8221;on&#8221; \/][et_pb_image admin_label=&#8221;Image 23 Sandells Livs&#8221; global_parent=&#8221;2742&#8243; src=&#8221;http:\/\/www.muskoloppet.se\/wp-content\/uploads\/2017\/12\/Sandells_Livs_Loggor_200x200px.png&#8221; show_in_lightbox=&#8221;off&#8221; url_new_window=&#8221;off&#8221; use_overlay=&#8221;off&#8221; align=&#8221;center&#8221; force_fullwidth=&#8221;off&#8221; always_center_on_mobile=&#8221;on&#8221; module_class=&#8221;ds-carousel-logo&#8221; url=&#8221;http:\/\/www.muskoloppet.se\/index.php\/sponsorer\/&#8221; _builder_version=&#8221;3.0.92&#8243; show_bottom_space=&#8221;on&#8221; \/][et_pb_image admin_label=&#8221;Image 24 Repro 8&#8243; global_parent=&#8221;2742&#8243; src=&#8221;http:\/\/www.muskoloppet.se\/wp-content\/uploads\/2017\/12\/Repro_8_Loggor_200x200px.png&#8221; show_in_lightbox=&#8221;off&#8221; url_new_window=&#8221;off&#8221; use_overlay=&#8221;off&#8221; align=&#8221;center&#8221; force_fullwidth=&#8221;off&#8221; always_center_on_mobile=&#8221;on&#8221; module_class=&#8221;ds-carousel-logo&#8221; url=&#8221;http:\/\/www.muskoloppet.se\/index.php\/sponsorer\/&#8221; _builder_version=&#8221;3.0.92&#8243; show_bottom_space=&#8221;on&#8221; \/][et_pb_image admin_label=&#8221;Image 25 R\u00e5n\u00f6 G\u00e5rd &amp; Varv&#8221; global_parent=&#8221;2742&#8243; src=&#8221;http:\/\/www.muskoloppet.se\/wp-content\/uploads\/2017\/12\/Rano_Gard_och_Varv_Loggor_200x200px.png&#8221; show_in_lightbox=&#8221;off&#8221; url_new_window=&#8221;off&#8221; use_overlay=&#8221;off&#8221; align=&#8221;center&#8221; force_fullwidth=&#8221;off&#8221; always_center_on_mobile=&#8221;on&#8221; module_class=&#8221;ds-carousel-logo&#8221; url=&#8221;http:\/\/www.muskoloppet.se\/index.php\/sponsorer\/&#8221; _builder_version=&#8221;3.0.92&#8243; show_bottom_space=&#8221;on&#8221; \/][\/et_pb_column][\/et_pb_row][et_pb_row global_parent=&#8221;2742&#8243; make_fullwidth=&#8221;on&#8221; use_custom_gutter=&#8221;on&#8221; padding_mobile=&#8221;off&#8221; parallax_method=&#8221;off&#8221; parallax_method_1=&#8221;off&#8221; column_padding_mobile=&#8221;on&#8221; module_class=&#8221;ds-image-carousel ds-image-carousel-sixth&#8221; gutter_width=&#8221;1&#8243; custom_padding=&#8221;0px||0px|&#8221; custom_margin=&#8221;0px||0px|&#8221; padding_top_1=&#8221;0px&#8221; padding_bottom_1=&#8221;0px&#8221; background_position=&#8221;top_left&#8221; background_repeat=&#8221;repeat&#8221; background_size=&#8221;initial&#8221; _builder_version=&#8221;3.0.64&#8243; background_position_1=&#8221;top_left&#8221; background_repeat_1=&#8221;no-repeat&#8221;][et_pb_column type=&#8221;4_4&#8243;][et_pb_image admin_label=&#8221;Image 1 Brunzells&#8221; global_parent=&#8221;2742&#8243; src=&#8221;http:\/\/www.muskoloppet.se\/wp-content\/uploads\/2017\/12\/Brunzells_El_HUVUDSPONSOR_Loggor_200x200px.png&#8221; show_in_lightbox=&#8221;off&#8221; url_new_window=&#8221;off&#8221; use_overlay=&#8221;off&#8221; align=&#8221;center&#8221; force_fullwidth=&#8221;off&#8221; always_center_on_mobile=&#8221;on&#8221; module_class=&#8221;ds-carousel-logo&#8221; url=&#8221;http:\/\/www.muskoloppet.se\/index.php\/sponsorer\/&#8221; _builder_version=&#8221;3.0.92&#8243; show_bottom_space=&#8221;on&#8221; \/][et_pb_image admin_label=&#8221;Image 2 Ludvigsberg&#8221; global_parent=&#8221;2742&#8243; src=&#8221;http:\/\/www.muskoloppet.se\/wp-content\/uploads\/2017\/12\/Ludvigsbergs_Herrgard_Loggor_200x200px.png&#8221; show_in_lightbox=&#8221;off&#8221; url_new_window=&#8221;off&#8221; use_overlay=&#8221;off&#8221; align=&#8221;center&#8221; force_fullwidth=&#8221;off&#8221; always_center_on_mobile=&#8221;on&#8221; module_class=&#8221;ds-carousel-logo&#8221; url=&#8221;http:\/\/www.muskoloppet.se\/index.php\/sponsorer\/&#8221; _builder_version=&#8221;3.0.92&#8243; show_bottom_space=&#8221;on&#8221; \/][et_pb_image admin_label=&#8221;Image 3 JBBS&#8221; global_parent=&#8221;2742&#8243; src=&#8221;http:\/\/www.muskoloppet.se\/wp-content\/uploads\/2017\/12\/JBBS_Loggor_200x200px.png&#8221; show_in_lightbox=&#8221;off&#8221; url_new_window=&#8221;off&#8221; use_overlay=&#8221;off&#8221; align=&#8221;center&#8221; force_fullwidth=&#8221;off&#8221; always_center_on_mobile=&#8221;on&#8221; module_class=&#8221;ds-carousel-logo&#8221; url=&#8221;http:\/\/www.muskoloppet.se\/index.php\/sponsorer\/&#8221; _builder_version=&#8221;3.0.92&#8243; show_bottom_space=&#8221;on&#8221; \/][et_pb_image admin_label=&#8221;Image 4 Musk\u00f6 G\u00e5rdsbutik&#8221; global_parent=&#8221;2742&#8243; src=&#8221;http:\/\/www.muskoloppet.se\/wp-content\/uploads\/2017\/12\/Musko_Gardsbutik_Loggor_200x200px.png&#8221; show_in_lightbox=&#8221;off&#8221; url_new_window=&#8221;off&#8221; use_overlay=&#8221;off&#8221; align=&#8221;center&#8221; force_fullwidth=&#8221;off&#8221; always_center_on_mobile=&#8221;on&#8221; module_class=&#8221;ds-carousel-logo&#8221; url=&#8221;http:\/\/www.muskoloppet.se\/index.php\/sponsorer\/&#8221; _builder_version=&#8221;3.0.92&#8243; show_bottom_space=&#8221;on&#8221; \/][et_pb_image admin_label=&#8221;Image 5 Erngrens&#8221; global_parent=&#8221;2742&#8243; src=&#8221;http:\/\/www.muskoloppet.se\/wp-content\/uploads\/2017\/12\/Erngrens_Batvarv_Loggor_200x200px.png&#8221; show_in_lightbox=&#8221;off&#8221; url_new_window=&#8221;off&#8221; use_overlay=&#8221;off&#8221; align=&#8221;center&#8221; force_fullwidth=&#8221;off&#8221; always_center_on_mobile=&#8221;on&#8221; module_class=&#8221;ds-carousel-logo&#8221; url=&#8221;http:\/\/www.muskoloppet.se\/index.php\/sponsorer\/&#8221; _builder_version=&#8221;3.0.92&#8243; show_bottom_space=&#8221;on&#8221; \/][\/et_pb_column][\/et_pb_row][\/et_pb_section]<\/p>\n","protected":false},"excerpt":{"rendered":"","protected":false},"author":2,"featured_media":0,"parent":0,"menu_order":0,"comment_status":"closed","ping_status":"closed","template":"","meta":{"_et_pb_use_builder":"on","_et_pb_old_content":"","_et_gb_content_width":"","footnotes":""},"class_list":["post-531","page","type-page","status-publish","hentry"],"_links":{"self":[{"href":"https:\/\/www.muskoloppet.se\/index.php\/wp-json\/wp\/v2\/pages\/531","targetHints":{"allow":["GET"]}}],"collection":[{"href":"https:\/\/www.muskoloppet.se\/index.php\/wp-json\/wp\/v2\/pages"}],"about":[{"href":"https:\/\/www.muskoloppet.se\/index.php\/wp-json\/wp\/v2\/types\/page"}],"author":[{"embeddable":true,"href":"https:\/\/www.muskoloppet.se\/index.php\/wp-json\/wp\/v2\/users\/2"}],"replies":[{"embeddable":true,"href":"https:\/\/www.muskoloppet.se\/index.php\/wp-json\/wp\/v2\/comments?post=531"}],"version-history":[{"count":2,"href":"https:\/\/www.muskoloppet.se\/index.php\/wp-json\/wp\/v2\/pages\/531\/revisions"}],"predecessor-version":[{"id":2780,"href":"https:\/\/www.muskoloppet.se\/index.php\/wp-json\/wp\/v2\/pages\/531\/revisions\/2780"}],"wp:attachment":[{"href":"https:\/\/www.muskoloppet.se\/index.php\/wp-json\/wp\/v2\/media?parent=531"}],"curies":[{"name":"wp","href":"https:\/\/api.w.org\/{rel}","templated":true}]}}